{"id":157,"date":"2019-12-17T17:53:08","date_gmt":"2019-12-17T17:53:08","guid":{"rendered":"http:\/\/idm314.webenrevision.com\/?page_id=6"},"modified":"2025-03-10T08:37:46","modified_gmt":"2025-03-10T07:37:46","slug":"home","status":"publish","type":"page","link":"https:\/\/idm314.es\/","title":{"rendered":"Inicio"},"content":{"rendered":"\n<div class=\"wp-block-cover alignfull has-background-dim\" style=\"background-image:url(http:\/\/idm314.es\/wp-content\/uploads\/2022\/10\/idm-ph-06.jpg);background-position:56% 90%;min-height:300px\"><div class=\"wp-block-cover__inner-container\">\n<p class=\"has-text-align-left has-large-font-size\">IDM 314 | <strong>2025<\/strong><\/p>\n<\/div><\/div>\n\n\n\n<div style=\"height:30px\" aria-hidden=\"true\" class=\"wp-block-spacer\"><\/div>\n\n\n\n<div class=\"wp-block-columns alignwide\">\n<div class=\"wp-block-column\">\n<p>La 40\u00aa Conferencia General de la UNESCO proclam\u00f3 el d\u00eda 14 de marzo de cada a\u00f1o como <strong>D\u00eda Internacional de las Matem\u00e1ticas<\/strong> (40C\/ Resoluci\u00f3n 30 de 26 de noviembre de 2019). En muchos pa\u00edses, el <strong>14 de marzo (3\/14)<\/strong> ya se ven\u00eda celebrando como el <strong>D\u00eda de Pi<\/strong>, por lo que la resoluci\u00f3n de la UNESCO consolida el reconocimiento actual a las matem\u00e1ticas por su importante papel para hacer frente a los desaf\u00edos de nuestro tiempo en \u00e1mbitos como la inteligencia artificial, la salud, el cambio clim\u00e1tico, la energ\u00eda y el desarrollo sostenible y la mejora de la calidad de vida de la sociedad en general.<\/p>\n\n\n\n<p>En el marco de esta celebraci\u00f3n, cada a\u00f1o se propone un tema nuevo para animar a la participaci\u00f3n, despertar la creatividad y dar luz a las conexiones entre las matem\u00e1ticas y todo tipo de campos, conceptos e ideas. Para la primera edici\u00f3n oficial del a\u00f1o 2020, el tema elegido fue Las matem\u00e1ticas est\u00e1n en todas partes, con el que se pretend\u00eda mostrar al p\u00fablico la importancia que las matem\u00e1ticas tienen en nuestra vida diaria. Para 2021 el tema fue Matem\u00e1ticas para un mundo mejor, que insist\u00eda en la importancia que se reconoce a las matem\u00e1ticas en la mejora de la calidad de vida, en un claro gui\u00f1o al papel que desempe\u00f1aron en la actual pandemia como herramienta insustituible para el monitoreo y la comprensi\u00f3n del fen\u00f3meno COVID-19.<\/p>\n\n\n\n<p>Para este a\u00f1o <strong>2025<\/strong>\u00a0se ha decidido que el tema sea<strong> Matem\u00e1ticas, Arte y Creatividad \/ Mathematics, Art, and Creativity<\/strong>. <\/p>\n\n\n\n<p>El tema para el IDM 2025 celebra la creatividad que se encuentra en el descubrimiento matem\u00e1tico y el arte. Utilizar las matem\u00e1ticas en el arte abre las puertas a nuevas ideas y a creaciones bellas y cautivadoras.<\/p>\n\n\n\n<p>Invitamos a todos a celebrar las matem\u00e1ticas, el arte y la creatividad, mostrando la armon\u00eda de la l\u00f3gica y la imaginaci\u00f3n, donde los n\u00fameros bailan con los colores, las ecuaciones esculpen la belleza y las ideas trascienden los l\u00edmites para inspirar e innovar. La creatividad une las matem\u00e1ticas y el arte, campos que pueden parecer separados, pero que originalmente estaban entrelazados, ambos buscando revelar la belleza del universo.<\/p>\n\n\n\n<p>Siguiendo este eje tem\u00e1tico la <strong>Federaci\u00f3n Espa\u00f1ola de Sociedades de Profesores de Matem\u00e1ticas<\/strong> y las sociedades que la componen hemos programado diversos actos para conmemorar este <strong>D\u00eda Internacional de las Matem\u00e1ticas<\/strong>.<\/p>\n\n\n\n<figure class=\"wp-block-image size-large\"><img loading=\"lazy\" width=\"628\" height=\"889\" src=\"https:\/\/idm314.es\/wp-content\/uploads\/2025\/03\/matematicas_arte_creatividad_2025.jpg\" alt=\"\" class=\"wp-image-549\" srcset=\"https:\/\/idm314.es\/wp-content\/uploads\/2025\/03\/matematicas_arte_creatividad_2025.jpg 628w, https:\/\/idm314.es\/wp-content\/uploads\/2025\/03\/matematicas_arte_creatividad_2025-212x300.jpg 212w\" sizes=\"(max-width: 628px) 100vw, 628px\" \/><\/figure>\n<\/div>\n\n\n\n<div class=\"wp-block-column\">\n<\/div>\n<\/div>\n\n\n\n<div class=\"wp-block-columns alignwide\">\n<div class=\"wp-block-column\">\n<h1><strong>Matem\u00e1ticas que se pueden tocar<\/strong><br>Desaf\u00edo Creativo 2025<\/h1>\n\n\n\n<p>El desaf\u00edo creativo de este a\u00f1o es construir elementos matem\u00e1ticos utilizando objetos cotidianos (art\u00edculos dom\u00e9sticos, objetos de la naturaleza o incluso personas). Utilizando arte y creatividad (\u00a1el tema de este a\u00f1o!) pueden crear esculturas\u00a0<strong>que lleven las matem\u00e1ticas del papel al mundo real.<\/strong><\/p>\n\n\n\n<p><a href=\"https:\/\/www.idm314.org\/2025-math-you-can-touch-challenge-es\">M\u00e1s informaci\u00f3n<\/a><\/p>\n<\/div>\n<\/div>\n\n\n\n<div class=\"wp-block-columns alignwide\">\n<div class=\"wp-block-column\">\n<h1><strong>Organiza un evento<\/strong><\/h1>\n\n\n\n<p>La mejor manera de celebrar el D\u00eda Internacional de las Matem\u00e1ticas es organizar tu propio acto local.<\/p>\n\n\n\n<p>No hay planes demasiado grandes o peque\u00f1os: invita a tu clase o, mejor a\u00fan, haz que participe todo el colegio, programa una reuni\u00f3n especial en una biblioteca o museo, implica a tu universidad local o a investigadores, haz una gran fiesta p\u00fablica en un parque, acude a tu centro cultural, social o juvenil local.<\/p>\n\n\n\n<p><a href=\"https:\/\/form.jotform.com\/imaginaryorg\/2025-idm-event-submission-form\">Registro del evento en la Web del IDM 2025<\/a><\/p>\n<\/div>\n<\/div>\n\n\n\n<div style=\"height:30px\" aria-hidden=\"true\" class=\"wp-block-spacer\"><\/div>\n\n\n<p><a href=\"https:\/\/fespm.es\" target=\"_blank\" rel=\"noopener noreferrer\"><img loading=\"lazy\" class=\"alignnone wp-image-93 size-full\" src=\"http:\/\/idm314.es\/wp-content\/uploads\/2019\/12\/images.png\" alt=\"\" width=\"313\" height=\"161\" srcset=\"https:\/\/idm314.es\/wp-content\/uploads\/2019\/12\/images.png 313w, https:\/\/idm314.es\/wp-content\/uploads\/2019\/12\/images-300x154.png 300w\" sizes=\"(max-width: 313px) 100vw, 313px\" \/><\/a><\/p>\n<p>\u00a0<\/p>\n<h2>\u00a0<\/h2>\n<p>\u00a0<\/p>\n<p>\u00a0<\/p>","protected":false},"excerpt":{"rendered":"<p>La 40\u00aa Conferencia General de la UNESCO proclam\u00f3 el d\u00eda 14 de marzo de cada a\u00f1o como D\u00eda Internacional de las Matem\u00e1ticas (40C\/ Resoluci\u00f3n 30 de 26 de noviembre de 2019). En muchos pa\u00edses, el 14 de marzo (3\/14) ya se ven\u00eda celebrando como el D\u00eda de Pi, por lo que la resoluci\u00f3n de la&hellip;&nbsp;<a href=\"https:\/\/idm314.es\/\" class=\"\" rel=\"bookmark\">Leer m\u00e1s &raquo;<span class=\"screen-reader-text\">Inicio<\/span><\/a><\/p>\n","protected":false},"author":2,"featured_media":0,"parent":0,"menu_order":0,"comment_status":"closed","ping_status":"closed","template":"","meta":{"neve_meta_sidebar":"full-width","neve_meta_container":"","neve_meta_enable_content_width":"off","neve_meta_content_width":0,"neve_meta_title_alignment":"","neve_meta_author_avatar":"","neve_post_elements_order":"","neve_meta_disable_header":"","neve_meta_disable_footer":"","neve_meta_disable_title":"on"},"_links":{"self":[{"href":"https:\/\/idm314.es\/index.php\/wp-json\/wp\/v2\/pages\/157"}],"collection":[{"href":"https:\/\/idm314.es\/index.php\/wp-json\/wp\/v2\/pages"}],"about":[{"href":"https:\/\/idm314.es\/index.php\/wp-json\/wp\/v2\/types\/page"}],"author":[{"embeddable":true,"href":"https:\/\/idm314.es\/index.php\/wp-json\/wp\/v2\/users\/2"}],"replies":[{"embeddable":true,"href":"https:\/\/idm314.es\/index.php\/wp-json\/wp\/v2\/comments?post=157"}],"version-history":[{"count":50,"href":"https:\/\/idm314.es\/index.php\/wp-json\/wp\/v2\/pages\/157\/revisions"}],"predecessor-version":[{"id":551,"href":"https:\/\/idm314.es\/index.php\/wp-json\/wp\/v2\/pages\/157\/revisions\/551"}],"wp:attachment":[{"href":"https:\/\/idm314.es\/index.php\/wp-json\/wp\/v2\/media?parent=157"}],"curies":[{"name":"wp","href":"https:\/\/api.w.org\/{rel}","templated":true}]}}