{"id":409,"date":"2022-01-12T11:42:48","date_gmt":"2022-01-12T10:42:48","guid":{"rendered":"http:\/\/idm314.es\/?page_id=409"},"modified":"2022-01-12T11:45:46","modified_gmt":"2022-01-12T10:45:46","slug":"las-matematicas-nos-unen","status":"publish","type":"page","link":"https:\/\/idm314.es\/index.php\/las-matematicas-nos-unen\/","title":{"rendered":"Las matem\u00e1ticas nos unen"},"content":{"rendered":"\n<div class=\"wp-block-cover alignfull has-background-dim\" style=\"background-image:url(http:\/\/idm314.es\/wp-content\/uploads\/2021\/11\/idm-ph-03.jpg);background-position:55% 46%;min-height:124px\"><div class=\"wp-block-cover__inner-container\">\n<p class=\"has-text-align-left has-large-font-size\"><strong>Las matem\u00e1ticas nos unen<\/strong><\/p>\n<\/div><\/div>\n\n\n\n<div style=\"height:40px\" aria-hidden=\"true\" class=\"wp-block-spacer\"><\/div>\n\n\n\n<p>El tema del IDM de 2022 es <strong>\u201cLas matem\u00e1ticas unen\u201d<\/strong>. Conectemos a trav\u00e9s del desaf\u00edo global de este a\u00f1o: \u00a1Fotos con matem\u00e1ticas!<\/p>\n\n\n\n<p>Haz una foto con alg\u00fan tema matem\u00e1tico. Puedes construirlo, dibujarlo, formarlo con otras personas, descubrirlo (\u00a1las matem\u00e1ticas est\u00e1n en todas partes!) o encontrarlo en cualquier lugar de tu ciudad.<\/p>\n\n\n\n<p><a href=\"https:\/\/www.idm314.org\/2022-photo-challenge.html\" target=\"_blank\" rel=\"noreferrer noopener\">\u00a1Descubre m\u00e1s y \u00fanete!<\/a><\/p>\n\n\n\n<p><strong>\u00a1Celebra con tu escuela!<\/strong><\/p>\n\n\n\n<p>Preparamos un documento con ideas y sugerencias para que las escuelas se unan a las celebraciones del IDM 2022. Est\u00e1 disponible en varios idiomas.<\/p>\n\n\n\n<p><a href=\"https:\/\/www.idm314.org\/resources\/2022\/idm-2022-school-invitation-es.pdf\" target=\"_blank\" rel=\"noreferrer noopener\">\u00a1Desc\u00e1rgalo y comp\u00e1rtelo en tu escuela!<\/a><\/p>\n\n\n\n<p><strong>\u00a1Planifica tu celebraci\u00f3n de 2022!<\/strong><\/p>\n\n\n\n<p>Como en a\u00f1os anteriores, el 14 de marzo de 2022, tendremos un evento global en l\u00ednea en nuestro sitio web con charlas transmitidas en vivo.<\/p>\n\n\n\n<p>&nbsp;Ya estamos recopilando sus planes para eventos en nuestro <a rel=\"noreferrer noopener\" href=\"https:\/\/www.idm314.org\/index.html#event-map\" target=\"_blank\">mapa interactivo<\/a>. \u00a1H\u00e1ganos saber lo que est\u00e1 planeando!<\/p>\n\n\n\n<p><a rel=\"noreferrer noopener\" href=\"https:\/\/form.jotform.com\/imaginaryorg\/2022-idm-event-submission-form\" target=\"_blank\">Agregue su evento a nuestro mapa en l\u00ednea<\/a><\/p>\n","protected":false},"excerpt":{"rendered":"<p>El tema del IDM de 2022 es \u201cLas matem\u00e1ticas unen\u201d. Conectemos a trav\u00e9s del desaf\u00edo global de este a\u00f1o: \u00a1Fotos con matem\u00e1ticas! Haz una foto con alg\u00fan tema matem\u00e1tico. Puedes construirlo, dibujarlo, formarlo con otras personas, descubrirlo (\u00a1las matem\u00e1ticas est\u00e1n en todas partes!) o encontrarlo en cualquier lugar de tu ciudad. \u00a1Descubre m\u00e1s y \u00fanete!&hellip;&nbsp;<a href=\"https:\/\/idm314.es\/index.php\/las-matematicas-nos-unen\/\" class=\"\" rel=\"bookmark\">Leer m\u00e1s &raquo;<span class=\"screen-reader-text\">Las matem\u00e1ticas nos unen<\/span><\/a><\/p>\n","protected":false},"author":2,"featured_media":0,"parent":0,"menu_order":0,"comment_status":"closed","ping_status":"closed","template":"","meta":{"neve_meta_sidebar":"full-width","neve_meta_container":"","neve_meta_enable_content_width":"on","neve_meta_content_width":100,"neve_meta_title_alignment":"","neve_meta_author_avatar":"","neve_post_elements_order":"","neve_meta_disable_header":"","neve_meta_disable_footer":"","neve_meta_disable_title":"on"},"_links":{"self":[{"href":"https:\/\/idm314.es\/index.php\/wp-json\/wp\/v2\/pages\/409"}],"collection":[{"href":"https:\/\/idm314.es\/index.php\/wp-json\/wp\/v2\/pages"}],"about":[{"href":"https:\/\/idm314.es\/index.php\/wp-json\/wp\/v2\/types\/page"}],"author":[{"embeddable":true,"href":"https:\/\/idm314.es\/index.php\/wp-json\/wp\/v2\/users\/2"}],"replies":[{"embeddable":true,"href":"https:\/\/idm314.es\/index.php\/wp-json\/wp\/v2\/comments?post=409"}],"version-history":[{"count":4,"href":"https:\/\/idm314.es\/index.php\/wp-json\/wp\/v2\/pages\/409\/revisions"}],"predecessor-version":[{"id":414,"href":"https:\/\/idm314.es\/index.php\/wp-json\/wp\/v2\/pages\/409\/revisions\/414"}],"wp:attachment":[{"href":"https:\/\/idm314.es\/index.php\/wp-json\/wp\/v2\/media?parent=409"}],"curies":[{"name":"wp","href":"https:\/\/api.w.org\/{rel}","templated":true}]}}