{"id":419,"date":"2022-02-15T20:20:29","date_gmt":"2022-02-15T19:20:29","guid":{"rendered":"http:\/\/idm314.es\/?page_id=419"},"modified":"2025-03-11T08:33:22","modified_gmt":"2025-03-11T07:33:22","slug":"conferencias-y-talleres","status":"publish","type":"page","link":"https:\/\/idm314.es\/index.php\/conferencias-y-talleres\/","title":{"rendered":"Otras actividades"},"content":{"rendered":"\n<div class=\"wp-block-cover alignfull has-background-dim\" style=\"background-image:url(https:\/\/idm314.es\/wp-content\/uploads\/2022\/02\/workshops-3527974_1280.jpg);background-position:53% 59%;min-height:200px\"><div class=\"wp-block-cover__inner-container\">\n<p class=\"has-text-align-left has-large-font-size\">Actividades en las que colabora la FESPM<\/p>\n<\/div><\/div>\n\n\n\n<p>En esta secci\u00f3n aparecen otras actividades convocadas con motivo del IDM 2025 en las que colabora la FESPM.<\/p>\n\n\n\n<p><strong>FotoGebra 2025<\/strong><\/p>\n\n\n\n<p>Lanzamiento de una nueva edici\u00f3n del concurso&nbsp;<strong>FotoGebra<\/strong>, que se llevar\u00e1 a cabo el&nbsp;<strong>14 de marzo (10: 00 hs Arg)<\/strong>, en conmemoraci\u00f3n del&nbsp;<strong>D\u00eda Internacional de las Matem\u00e1ticas<\/strong>.<\/p>\n\n\n\n<p>Este a\u00f1o, la celebraci\u00f3n es doble: adem\u00e1s de sumarnos al lema propuesto por la UNESCO,&nbsp;<em>Matem\u00e1tica, Arte y Creatividad<\/em>, que resuena profundamente con nuestros objetivos&nbsp; \u00a1<strong>FotoGebra cumple 10 a\u00f1os<\/strong>!&nbsp;&nbsp;Una d\u00e9cada promoviendo la exploraci\u00f3n matem\u00e1tica a trav\u00e9s de la fotograf\u00eda, incentivando la creatividad, acercando la matem\u00e1tica a nuevos espacios y promoviendo una mirada innovadora sobre la ense\u00f1anza y el aprendizaje de la matem\u00e1tica.<\/p>\n\n\n\n<p><a href=\"http:\/\/Youtube.com\/FotoGebraRizzoK\">Enlace para seguir en directo la presentaci\u00f3n de Fotogebra<\/a><\/p>\n\n\n\n<p><a href=\"https:\/\/idm314.es\/wp-content\/uploads\/2025\/03\/Convocatoria-Fotogebra-2025.png\">Descarga del cartel de Fotogebra 2025<\/a><\/p>\n\n\n\n<div style=\"height:30px\" aria-hidden=\"true\" class=\"wp-block-spacer\"><\/div>\n\n\n<p><a href=\"https:\/\/fespm.es\" target=\"_blank\" rel=\"noopener noreferrer\"><img loading=\"lazy\" class=\"alignnone wp-image-93 size-full\" src=\"http:\/\/idm314.es\/wp-content\/uploads\/2019\/12\/images.png\" alt=\"\" width=\"313\" height=\"161\" srcset=\"https:\/\/idm314.es\/wp-content\/uploads\/2019\/12\/images.png 313w, https:\/\/idm314.es\/wp-content\/uploads\/2019\/12\/images-300x154.png 300w\" sizes=\"(max-width: 313px) 100vw, 313px\" \/><\/a><\/p>\n<p><\/p>","protected":false},"excerpt":{"rendered":"<p>En esta secci\u00f3n aparecen otras actividades convocadas con motivo del IDM 2025 en las que colabora la FESPM. FotoGebra 2025 Lanzamiento de una nueva edici\u00f3n del concurso&nbsp;FotoGebra, que se llevar\u00e1 a cabo el&nbsp;14 de marzo (10: 00 hs Arg), en conmemoraci\u00f3n del&nbsp;D\u00eda Internacional de las Matem\u00e1ticas. Este a\u00f1o, la celebraci\u00f3n es doble: adem\u00e1s de sumarnos&hellip;&nbsp;<a href=\"https:\/\/idm314.es\/index.php\/conferencias-y-talleres\/\" class=\"\" rel=\"bookmark\">Leer m\u00e1s &raquo;<span class=\"screen-reader-text\">Otras actividades<\/span><\/a><\/p>\n","protected":false},"author":2,"featured_media":0,"parent":0,"menu_order":0,"comment_status":"closed","ping_status":"closed","template":"","meta":{"neve_meta_sidebar":"full-width","neve_meta_container":"","neve_meta_enable_content_width":"on","neve_meta_content_width":100,"neve_meta_title_alignment":"","neve_meta_author_avatar":"","neve_post_elements_order":"","neve_meta_disable_header":"","neve_meta_disable_footer":"","neve_meta_disable_title":"on"},"_links":{"self":[{"href":"https:\/\/idm314.es\/index.php\/wp-json\/wp\/v2\/pages\/419"}],"collection":[{"href":"https:\/\/idm314.es\/index.php\/wp-json\/wp\/v2\/pages"}],"about":[{"href":"https:\/\/idm314.es\/index.php\/wp-json\/wp\/v2\/types\/page"}],"author":[{"embeddable":true,"href":"https:\/\/idm314.es\/index.php\/wp-json\/wp\/v2\/users\/2"}],"replies":[{"embeddable":true,"href":"https:\/\/idm314.es\/index.php\/wp-json\/wp\/v2\/comments?post=419"}],"version-history":[{"count":15,"href":"https:\/\/idm314.es\/index.php\/wp-json\/wp\/v2\/pages\/419\/revisions"}],"predecessor-version":[{"id":574,"href":"https:\/\/idm314.es\/index.php\/wp-json\/wp\/v2\/pages\/419\/revisions\/574"}],"wp:attachment":[{"href":"https:\/\/idm314.es\/index.php\/wp-json\/wp\/v2\/media?parent=419"}],"curies":[{"name":"wp","href":"https:\/\/api.w.org\/{rel}","templated":true}]}}