{"id":431,"date":"2022-02-21T22:29:19","date_gmt":"2022-02-21T21:29:19","guid":{"rendered":"http:\/\/idm314.es\/?page_id=431"},"modified":"2026-03-10T19:20:41","modified_gmt":"2026-03-10T18:20:41","slug":"acto-de-clausura","status":"publish","type":"page","link":"https:\/\/idm314.es\/index.php\/acto-de-clausura\/","title":{"rendered":"Actividades organizadas"},"content":{"rendered":"\n<div class=\"wp-block-cover alignfull has-background-dim\" style=\"background-image:url(http:\/\/idm314.es\/wp-content\/uploads\/2019\/12\/stock-photo-composition-of-circuit-board-texture-human-profile-and-technological-elements-suitable-as-a-147775994.jpg);min-height:130px\"><div class=\"wp-block-cover__inner-container\">\n<p class=\"has-text-align-left has-large-font-size\"><strong>Actividades organizadas por la FESPM<\/strong><\/p>\n<\/div><\/div>\n\n\n\n<div style=\"height:40px\" aria-hidden=\"true\" class=\"wp-block-spacer\"><\/div>\n\n\n\n<h3>jueves, 12 de marzo de 2026<\/h3>\n\n\n\n<p><a href=\"https:\/\/idm314.es\/wp-content\/uploads\/2026\/03\/idm314_2026.jpg\" target=\"_blank\" rel=\"noreferrer noopener\">Descarga del programa de actividades organizadas por la FESPM<\/a><\/p>\n\n\n\n<p><strong>CONFERENCIA DEL IDM 2026<br><\/strong>11:30 Inauguraci\u00f3n del IDM 2026.<br>11:45 Conferencia online a cargo de <strong>Pedro Daniel Pajares Galeano <\/strong>con el t\u00edtulo \u201c<strong>Del problema a la esperanza<\/strong>\u201d. La conferencia podr\u00e1 seguirse a trav\u00e9s del canal de Youtube de la RAC desde el siguiente enlace: <a href=\"https:\/\/www.youtube.com\/c\/RealAcademiadeCienciasExactasFisicasNaturales\">participaci\u00f3n en la conferencia<\/a>.<br>12:30 Presentaci\u00f3n de <strong>Mates en la Calle<\/strong>, a cargo de la <strong>Sociedad Madrile\u00f1a de Profesores de Matem\u00e1ticas \u00abEmma Castelnuovo\u00bb<\/strong>.<br>12:50 Clausura.<\/p>\n\n\n\n<p><strong>Sobre el ponente<\/strong><\/p>\n\n\n\n<p>Pedro Daniel Pajares Galeano es graduado en Matem\u00e1ticas por la Universidad de Extremadura y actualmente ejerce como profesor en el IES Norba Caesarina. Natural de C\u00e1ceres (1993), combina su labor docente en secundaria con su actividad divulgativa. Es vicepresidente segundo de la Sociedad Extreme\u00f1a de Educaci\u00f3n Matem\u00e1tica \u201cVentura Reyes Pr\u00f3sper\u201d, coordinador de las Olimpiadas Matem\u00e1ticas de Extremadura y secretario de divulgaci\u00f3n de la Federaci\u00f3n Espa\u00f1ola de Sociedades de Profesores de Matem\u00e1ticas (FESPM), cargos desde donde promueve iniciativas de divulgaci\u00f3n que refuerzan la presencia y el inter\u00e9s por las matem\u00e1ticas en Extremadura y en el \u00e1mbito nacional.<\/p>\n\n\n\n<p><strong>Del problema a la esperanza<\/strong><\/p>\n\n\n\n<p>La conferencia propone una reflexi\u00f3n sobre el papel de las matem\u00e1ticas como herramienta para afrontar desaf\u00edos y generar soluciones en un mundo cada vez m\u00e1s complejo. La intervenci\u00f3n destacar\u00e1 el valor social de las matem\u00e1ticas, su capacidad para aportar claridad en contextos de incertidumbre y su potencial para inspirar a las nuevas generaciones, mostrando c\u00f3mo el proceso de resolver problemas puede convertirse en una fuente real de conocimiento, confianza y esperanza.<\/p>\n","protected":false},"excerpt":{"rendered":"<p>jueves, 12 de marzo de 2026 Descarga del programa de actividades organizadas por la FESPM CONFERENCIA DEL IDM 202611:30 Inauguraci\u00f3n del IDM 2026.11:45 Conferencia online a cargo de Pedro Daniel Pajares Galeano con el t\u00edtulo \u201cDel problema a la esperanza\u201d. La conferencia podr\u00e1 seguirse a trav\u00e9s del canal de Youtube de la RAC desde el&hellip;&nbsp;<a href=\"https:\/\/idm314.es\/index.php\/acto-de-clausura\/\" class=\"\" rel=\"bookmark\">Leer m\u00e1s &raquo;<span class=\"screen-reader-text\">Actividades organizadas<\/span><\/a><\/p>\n","protected":false},"author":2,"featured_media":0,"parent":0,"menu_order":0,"comment_status":"closed","ping_status":"closed","template":"","meta":{"neve_meta_sidebar":"full-width","neve_meta_container":"","neve_meta_enable_content_width":"on","neve_meta_content_width":100,"neve_meta_title_alignment":"","neve_meta_author_avatar":"","neve_post_elements_order":"","neve_meta_disable_header":"","neve_meta_disable_footer":"","neve_meta_disable_title":"on"},"_links":{"self":[{"href":"https:\/\/idm314.es\/index.php\/wp-json\/wp\/v2\/pages\/431"}],"collection":[{"href":"https:\/\/idm314.es\/index.php\/wp-json\/wp\/v2\/pages"}],"about":[{"href":"https:\/\/idm314.es\/index.php\/wp-json\/wp\/v2\/types\/page"}],"author":[{"embeddable":true,"href":"https:\/\/idm314.es\/index.php\/wp-json\/wp\/v2\/users\/2"}],"replies":[{"embeddable":true,"href":"https:\/\/idm314.es\/index.php\/wp-json\/wp\/v2\/comments?post=431"}],"version-history":[{"count":18,"href":"https:\/\/idm314.es\/index.php\/wp-json\/wp\/v2\/pages\/431\/revisions"}],"predecessor-version":[{"id":580,"href":"https:\/\/idm314.es\/index.php\/wp-json\/wp\/v2\/pages\/431\/revisions\/580"}],"wp:attachment":[{"href":"https:\/\/idm314.es\/index.php\/wp-json\/wp\/v2\/media?parent=431"}],"curies":[{"name":"wp","href":"https:\/\/api.w.org\/{rel}","templated":true}]}}